{"id":77,"date":"2022-05-18T21:23:55","date_gmt":"2022-05-18T19:23:55","guid":{"rendered":"https:\/\/whisperingtales.com\/amot\/?page_id=77"},"modified":"2022-07-03T20:24:00","modified_gmt":"2022-07-03T18:24:00","slug":"band","status":"publish","type":"page","link":"https:\/\/whisperingtales.com\/amot\/band\/","title":{"rendered":"Band"},"content":{"rendered":"\n<div class=\"wp-block-media-text alignwide is-stacked-on-mobile\"><figure class=\"wp-block-media-text__media\"><img decoding=\"async\" src=\"https:\/\/whisperingtales.com\/preprod\/wp-content\/uploads\/2022\/01\/gerald.png\" alt=\"\" class=\"wp-image-15 size-full\"\/><\/figure><div class=\"wp-block-media-text__content\">\n<p class=\"has-large-font-size\"><\/p>\n<\/div><\/div>\n\n\n\n<figure class=\"wp-block-table\"><table><tbody><tr><td class=\"has-text-align-center\" data-align=\"center\">G\u00e9rald, Drums<br><img decoding=\"async\" class=\"wp-image-148\" style=\"width: 450px;\" src=\"https:\/\/whisperingtales.com\/preprod\/wp-content\/uploads\/2022\/01\/WT_AMOT_Gerald.png\" alt=\"\"><\/td><td class=\"has-text-align-center\" data-align=\"center\">St\u00e9phane, Bass<br><img decoding=\"async\" class=\"wp-image-150\" style=\"width: 300px;\" src=\"https:\/\/whisperingtales.com\/preprod\/wp-content\/uploads\/2022\/01\/WT_AMOT_Steph.png\" alt=\"\"><\/td><\/tr><tr><td class=\"has-text-align-center\" data-align=\"center\">Nicolas, Lead Vocal<br><img decoding=\"async\" class=\"wp-image-149\" style=\"width: 300px;\" src=\"https:\/\/whisperingtales.com\/preprod\/wp-content\/uploads\/2022\/01\/WT_AMOT_Nicolas.png\" alt=\"\"><\/td><td class=\"has-text-align-center\" data-align=\"center\">J\u00e9r\u00e9mie, Guitar<br><img decoding=\"async\" class=\"wp-image-147\" style=\"width: 450px;\" src=\"https:\/\/whisperingtales.com\/preprod\/wp-content\/uploads\/2022\/01\/WT_AMOT_Jeremie.png\" alt=\"\"><\/td><\/tr><\/tbody><\/table><\/figure>\n\n\n\n<hr class=\"wp-block-separator has-alpha-channel-opacity\"\/>\n\n\n\n<figure class=\"wp-block-gallery has-nested-images columns-default is-cropped wp-block-gallery-1 is-layout-flex wp-block-gallery-is-layout-flex\">\n<figure class=\"wp-block-image size-large\"><img loading=\"lazy\" decoding=\"async\" width=\"1152\" height=\"768\" data-id=\"159\" src=\"https:\/\/whisperingtales.com\/amot\/wp-content\/uploads\/2022\/07\/283463174_5504713492880578_5394575096439123110_n.jpg\" alt=\"\" class=\"wp-image-159\" srcset=\"https:\/\/whisperingtales.com\/amot\/wp-content\/uploads\/2022\/07\/283463174_5504713492880578_5394575096439123110_n.jpg 1152w, https:\/\/whisperingtales.com\/amot\/wp-content\/uploads\/2022\/07\/283463174_5504713492880578_5394575096439123110_n-300x200.jpg 300w, https:\/\/whisperingtales.com\/amot\/wp-content\/uploads\/2022\/07\/283463174_5504713492880578_5394575096439123110_n-1024x683.jpg 1024w, https:\/\/whisperingtales.com\/amot\/wp-content\/uploads\/2022\/07\/283463174_5504713492880578_5394575096439123110_n-768x512.jpg 768w, https:\/\/whisperingtales.com\/amot\/wp-content\/uploads\/2022\/07\/283463174_5504713492880578_5394575096439123110_n-420x280.jpg 420w, https:\/\/whisperingtales.com\/amot\/wp-content\/uploads\/2022\/07\/283463174_5504713492880578_5394575096439123110_n-385x257.jpg 385w\" sizes=\"auto, (max-width: 1152px) 100vw, 1152px\" \/><figcaption>Jeremie<\/figcaption><\/figure>\n\n\n\n<figure class=\"wp-block-image size-large\"><img loading=\"lazy\" decoding=\"async\" width=\"768\" height=\"1152\" data-id=\"161\" src=\"https:\/\/whisperingtales.com\/amot\/wp-content\/uploads\/2022\/07\/283485087_5504713336213927_5835068403345329187_n.jpg\" alt=\"\" class=\"wp-image-161\" srcset=\"https:\/\/whisperingtales.com\/amot\/wp-content\/uploads\/2022\/07\/283485087_5504713336213927_5835068403345329187_n.jpg 768w, https:\/\/whisperingtales.com\/amot\/wp-content\/uploads\/2022\/07\/283485087_5504713336213927_5835068403345329187_n-200x300.jpg 200w, https:\/\/whisperingtales.com\/amot\/wp-content\/uploads\/2022\/07\/283485087_5504713336213927_5835068403345329187_n-683x1024.jpg 683w\" sizes=\"auto, (max-width: 768px) 100vw, 768px\" \/><figcaption>Nicolas<\/figcaption><\/figure>\n\n\n\n<figure class=\"wp-block-image size-large\"><img loading=\"lazy\" decoding=\"async\" width=\"768\" height=\"1152\" data-id=\"162\" src=\"https:\/\/whisperingtales.com\/amot\/wp-content\/uploads\/2022\/07\/283635813_5504713466213914_7496398769268250431_n.jpg\" alt=\"\" class=\"wp-image-162\" srcset=\"https:\/\/whisperingtales.com\/amot\/wp-content\/uploads\/2022\/07\/283635813_5504713466213914_7496398769268250431_n.jpg 768w, https:\/\/whisperingtales.com\/amot\/wp-content\/uploads\/2022\/07\/283635813_5504713466213914_7496398769268250431_n-200x300.jpg 200w, https:\/\/whisperingtales.com\/amot\/wp-content\/uploads\/2022\/07\/283635813_5504713466213914_7496398769268250431_n-683x1024.jpg 683w\" sizes=\"auto, (max-width: 768px) 100vw, 768px\" \/><figcaption>Stephane<\/figcaption><\/figure>\n\n\n\n<figure class=\"wp-block-image size-large\"><img loading=\"lazy\" decoding=\"async\" width=\"1152\" height=\"768\" data-id=\"163\" src=\"https:\/\/whisperingtales.com\/amot\/wp-content\/uploads\/2022\/07\/285975802_5504713939547200_63682285656361345_n.jpg\" alt=\"\" class=\"wp-image-163\" srcset=\"https:\/\/whisperingtales.com\/amot\/wp-content\/uploads\/2022\/07\/285975802_5504713939547200_63682285656361345_n.jpg 1152w, https:\/\/whisperingtales.com\/amot\/wp-content\/uploads\/2022\/07\/285975802_5504713939547200_63682285656361345_n-300x200.jpg 300w, https:\/\/whisperingtales.com\/amot\/wp-content\/uploads\/2022\/07\/285975802_5504713939547200_63682285656361345_n-1024x683.jpg 1024w, https:\/\/whisperingtales.com\/amot\/wp-content\/uploads\/2022\/07\/285975802_5504713939547200_63682285656361345_n-768x512.jpg 768w, https:\/\/whisperingtales.com\/amot\/wp-content\/uploads\/2022\/07\/285975802_5504713939547200_63682285656361345_n-420x280.jpg 420w, https:\/\/whisperingtales.com\/amot\/wp-content\/uploads\/2022\/07\/285975802_5504713939547200_63682285656361345_n-385x257.jpg 385w\" sizes=\"auto, (max-width: 1152px) 100vw, 1152px\" \/><figcaption>Gerald<\/figcaption><\/figure>\n\n\n\n<figure class=\"wp-block-image size-large\"><img loading=\"lazy\" decoding=\"async\" width=\"1156\" height=\"768\" data-id=\"164\" src=\"https:\/\/whisperingtales.com\/amot\/wp-content\/uploads\/2022\/07\/DSC_0106.jpg\" alt=\"\" class=\"wp-image-164\" srcset=\"https:\/\/whisperingtales.com\/amot\/wp-content\/uploads\/2022\/07\/DSC_0106.jpg 1156w, https:\/\/whisperingtales.com\/amot\/wp-content\/uploads\/2022\/07\/DSC_0106-300x199.jpg 300w, https:\/\/whisperingtales.com\/amot\/wp-content\/uploads\/2022\/07\/DSC_0106-1024x680.jpg 1024w, https:\/\/whisperingtales.com\/amot\/wp-content\/uploads\/2022\/07\/DSC_0106-768x510.jpg 768w, https:\/\/whisperingtales.com\/amot\/wp-content\/uploads\/2022\/07\/DSC_0106-420x280.jpg 420w, https:\/\/whisperingtales.com\/amot\/wp-content\/uploads\/2022\/07\/DSC_0106-385x257.jpg 385w\" sizes=\"auto, (max-width: 1156px) 100vw, 1156px\" \/><figcaption>Nicolas<\/figcaption><\/figure>\n\n\n\n<figure class=\"wp-block-image size-large\"><img loading=\"lazy\" decoding=\"async\" width=\"1156\" height=\"768\" data-id=\"165\" src=\"https:\/\/whisperingtales.com\/amot\/wp-content\/uploads\/2022\/07\/DSC_0132.jpg\" alt=\"\" class=\"wp-image-165\" srcset=\"https:\/\/whisperingtales.com\/amot\/wp-content\/uploads\/2022\/07\/DSC_0132.jpg 1156w, https:\/\/whisperingtales.com\/amot\/wp-content\/uploads\/2022\/07\/DSC_0132-300x199.jpg 300w, https:\/\/whisperingtales.com\/amot\/wp-content\/uploads\/2022\/07\/DSC_0132-1024x680.jpg 1024w, https:\/\/whisperingtales.com\/amot\/wp-content\/uploads\/2022\/07\/DSC_0132-768x510.jpg 768w, https:\/\/whisperingtales.com\/amot\/wp-content\/uploads\/2022\/07\/DSC_0132-420x280.jpg 420w, https:\/\/whisperingtales.com\/amot\/wp-content\/uploads\/2022\/07\/DSC_0132-385x257.jpg 385w\" sizes=\"auto, (max-width: 1156px) 100vw, 1156px\" \/><figcaption>Stephane<\/figcaption><\/figure>\n\n\n\n<figure class=\"wp-block-image size-large\"><img loading=\"lazy\" decoding=\"async\" width=\"1156\" height=\"768\" data-id=\"166\" src=\"https:\/\/whisperingtales.com\/amot\/wp-content\/uploads\/2022\/07\/DSC_0137.jpg\" alt=\"\" class=\"wp-image-166\" srcset=\"https:\/\/whisperingtales.com\/amot\/wp-content\/uploads\/2022\/07\/DSC_0137.jpg 1156w, https:\/\/whisperingtales.com\/amot\/wp-content\/uploads\/2022\/07\/DSC_0137-300x199.jpg 300w, https:\/\/whisperingtales.com\/amot\/wp-content\/uploads\/2022\/07\/DSC_0137-1024x680.jpg 1024w, https:\/\/whisperingtales.com\/amot\/wp-content\/uploads\/2022\/07\/DSC_0137-768x510.jpg 768w, https:\/\/whisperingtales.com\/amot\/wp-content\/uploads\/2022\/07\/DSC_0137-420x280.jpg 420w, https:\/\/whisperingtales.com\/amot\/wp-content\/uploads\/2022\/07\/DSC_0137-385x257.jpg 385w\" sizes=\"auto, (max-width: 1156px) 100vw, 1156px\" \/><figcaption>Jeremie<\/figcaption><\/figure>\n\n\n\n<figure class=\"wp-block-image size-large\"><img loading=\"lazy\" decoding=\"async\" width=\"1156\" height=\"768\" data-id=\"167\" src=\"https:\/\/whisperingtales.com\/amot\/wp-content\/uploads\/2022\/07\/DSC_0159.jpg\" alt=\"\" class=\"wp-image-167\" srcset=\"https:\/\/whisperingtales.com\/amot\/wp-content\/uploads\/2022\/07\/DSC_0159.jpg 1156w, https:\/\/whisperingtales.com\/amot\/wp-content\/uploads\/2022\/07\/DSC_0159-300x199.jpg 300w, https:\/\/whisperingtales.com\/amot\/wp-content\/uploads\/2022\/07\/DSC_0159-1024x680.jpg 1024w, https:\/\/whisperingtales.com\/amot\/wp-content\/uploads\/2022\/07\/DSC_0159-768x510.jpg 768w, https:\/\/whisperingtales.com\/amot\/wp-content\/uploads\/2022\/07\/DSC_0159-420x280.jpg 420w, https:\/\/whisperingtales.com\/amot\/wp-content\/uploads\/2022\/07\/DSC_0159-385x257.jpg 385w\" sizes=\"auto, (max-width: 1156px) 100vw, 1156px\" \/><figcaption>Gerald<\/figcaption><\/figure>\n\n\n\n<figure class=\"wp-block-image size-large\"><img loading=\"lazy\" decoding=\"async\" width=\"768\" height=\"1152\" data-id=\"158\" src=\"https:\/\/whisperingtales.com\/amot\/wp-content\/uploads\/2022\/07\/283456801_5504712852880642_2631997996723372602_n.jpg\" alt=\"\" class=\"wp-image-158\" srcset=\"https:\/\/whisperingtales.com\/amot\/wp-content\/uploads\/2022\/07\/283456801_5504712852880642_2631997996723372602_n.jpg 768w, https:\/\/whisperingtales.com\/amot\/wp-content\/uploads\/2022\/07\/283456801_5504712852880642_2631997996723372602_n-200x300.jpg 200w, https:\/\/whisperingtales.com\/amot\/wp-content\/uploads\/2022\/07\/283456801_5504712852880642_2631997996723372602_n-683x1024.jpg 683w\" sizes=\"auto, (max-width: 768px) 100vw, 768px\" \/><figcaption>Lucie<\/figcaption><\/figure>\n<\/figure>\n","protected":false},"excerpt":{"rendered":"<p>G\u00e9rald, Drums St\u00e9phane, Bass Nicolas, Lead Vocal J\u00e9r\u00e9mie, Guitar<\/p>\n","protected":false},"author":1,"featured_media":0,"parent":0,"menu_order":0,"comment_status":"closed","ping_status":"closed","template":"","meta":{"footnotes":""},"class_list":["post-77","page","type-page","status-publish","hentry"],"_links":{"self":[{"href":"https:\/\/whisperingtales.com\/amot\/wp-json\/wp\/v2\/pages\/77","targetHints":{"allow":["GET"]}}],"collection":[{"href":"https:\/\/whisperingtales.com\/amot\/wp-json\/wp\/v2\/pages"}],"about":[{"href":"https:\/\/whisperingtales.com\/amot\/wp-json\/wp\/v2\/types\/page"}],"author":[{"embeddable":true,"href":"https:\/\/whisperingtales.com\/amot\/wp-json\/wp\/v2\/users\/1"}],"replies":[{"embeddable":true,"href":"https:\/\/whisperingtales.com\/amot\/wp-json\/wp\/v2\/comments?post=77"}],"version-history":[{"count":5,"href":"https:\/\/whisperingtales.com\/amot\/wp-json\/wp\/v2\/pages\/77\/revisions"}],"predecessor-version":[{"id":168,"href":"https:\/\/whisperingtales.com\/amot\/wp-json\/wp\/v2\/pages\/77\/revisions\/168"}],"wp:attachment":[{"href":"https:\/\/whisperingtales.com\/amot\/wp-json\/wp\/v2\/media?parent=77"}],"curies":[{"name":"wp","href":"https:\/\/api.w.org\/{rel}","templated":true}]}}